{"id":112,"date":"2018-05-29T11:09:44","date_gmt":"2018-05-29T09:09:44","guid":{"rendered":"http:\/\/jezykiobce.jaworzno.edu.pl\/?page_id=112"},"modified":"2018-06-15T16:35:48","modified_gmt":"2018-06-15T14:35:48","slug":"podziekowania","status":"publish","type":"page","link":"https:\/\/jezykiobce.jaworzno.edu.pl\/?page_id=112","title":{"rendered":"Podzi\u0119kowania"},"content":{"rendered":"<h1 style=\"text-align: center;\"><strong><span style=\"color: #ff0000;\">Podzi\u0119kowania:<\/span><\/strong><\/h1>\n<p style=\"text-align: center;\">dla absolwent\u00f3w II LO w Jaworznie<\/p>\n<h2 style=\"text-align: center;\">Sebastiana Warzechy<\/h2>\n<h2 style=\"text-align: center;\">Piotra D\u0105brosia<\/h2>\n<p style=\"text-align: center;\">za pomoc w za\u0142o\u017ceniu niniejszej strony internetowej<\/p>\n<h2 style=\"text-align: center;\">Magdaleny Okrzesik<\/h2>\n<p style=\"text-align: center;\">za wykonanie baneru z logo strony<\/p>\n<p>&nbsp;<\/p>\n","protected":false},"excerpt":{"rendered":"<p>Podzi\u0119kowania: dla absolwent\u00f3w II LO w Jaworznie Sebastiana Warzechy Piotra D\u0105brosia za pomoc w za\u0142o\u017ceniu niniejszej strony internetowej Magdaleny Okrzesik za wykonanie baneru z logo strony &nbsp;<\/p>\n","protected":false},"author":1,"featured_media":0,"parent":0,"menu_order":0,"comment_status":"closed","ping_status":"closed","template":"","meta":{"footnotes":""},"class_list":["post-112","page","type-page","status-publish","hentry"],"_links":{"self":[{"href":"https:\/\/jezykiobce.jaworzno.edu.pl\/index.php?rest_route=\/wp\/v2\/pages\/112","targetHints":{"allow":["GET"]}}],"collection":[{"href":"https:\/\/jezykiobce.jaworzno.edu.pl\/index.php?rest_route=\/wp\/v2\/pages"}],"about":[{"href":"https:\/\/jezykiobce.jaworzno.edu.pl\/index.php?rest_route=\/wp\/v2\/types\/page"}],"author":[{"embeddable":true,"href":"https:\/\/jezykiobce.jaworzno.edu.pl\/index.php?rest_route=\/wp\/v2\/users\/1"}],"replies":[{"embeddable":true,"href":"https:\/\/jezykiobce.jaworzno.edu.pl\/index.php?rest_route=%2Fwp%2Fv2%2Fcomments&post=112"}],"version-history":[{"count":4,"href":"https:\/\/jezykiobce.jaworzno.edu.pl\/index.php?rest_route=\/wp\/v2\/pages\/112\/revisions"}],"predecessor-version":[{"id":119,"href":"https:\/\/jezykiobce.jaworzno.edu.pl\/index.php?rest_route=\/wp\/v2\/pages\/112\/revisions\/119"}],"wp:attachment":[{"href":"https:\/\/jezykiobce.jaworzno.edu.pl\/index.php?rest_route=%2Fwp%2Fv2%2Fmedia&parent=112"}],"curies":[{"name":"wp","href":"https:\/\/api.w.org\/{rel}","templated":true}]}}