{"id":115,"date":"2018-05-29T11:14:59","date_gmt":"2018-05-29T09:14:59","guid":{"rendered":"http:\/\/jezykiobce.jaworzno.edu.pl\/?page_id=115"},"modified":"2019-09-08T13:29:46","modified_gmt":"2019-09-08T11:29:46","slug":"kontakt","status":"publish","type":"page","link":"https:\/\/jezykiobce.jaworzno.edu.pl\/?page_id=115","title":{"rendered":"Wizyt\u00f3wka"},"content":{"rendered":"<p style=\"text-align: center;\"><strong>Anna P\u0142awecka<\/strong><\/p>\n<p style=\"background: white; margin: 0cm 0cm 5.4pt; text-align: center;\"><span style=\"font-family: 'Open Sans','sans-serif'; color: #666666;\">Trener kurs\u00f3w online i dyplomowany nauczyciel j\u0119zyka angielskiego w\u00a0<\/span><a href=\"http:\/\/www.lo2.jaworzno.edu.pl\/\" target=\"_blank\" rel=\"noopener\"><span style=\"font-family: 'Open Sans','sans-serif'; color: #333399; text-decoration: none; text-underline: none;\">II Liceum Og\u00f3lnokszta\u0142c\u0105ce im. Czes\u0142awa Mi\u0142osza w Jaworznie<\/span><\/a><span style=\"font-family: 'Open Sans','sans-serif'; color: #666666;\">.\u00a0 Autorka program\u00f3w i innowacji pedagogicznych dotycz\u0105cych \u0142\u0105czenia\u00a0<\/span><a href=\"http:\/\/www.oeiizk.edu.pl\/angielski\/plawecka\/pr-au.pdf\" target=\"_blank\" rel=\"noopener\"><span style=\"font-family: 'Open Sans','sans-serif'; color: #333399; text-decoration: none; text-underline: none;\">CALL<\/span><\/a><span style=\"font-family: 'Open Sans','sans-serif'; color: #333399;\">\u00a0<\/span><span style=\"font-family: 'Open Sans','sans-serif'; color: #666666;\">i TIK z nauk\u0105 j\u0119zyka angielskiego oraz kurs\u00f3w online. <\/span><\/p>\n<p style=\"background: white; margin: 0cm 0cm 5.4pt; text-align: center;\"><span style=\"font-family: 'Open Sans','sans-serif'; color: #666666;\">Zwolenniczka idei LLL zainteresowana dziennikarstwem i mediami.<\/span><\/p>\n<h3 style=\"text-align: center;\"><span style=\"color: #0000ff;\">aplawecka@o2.pl<\/span><\/h3>\n<p style=\"text-align: center;\">II Liceum Og\u00f3lnokszta\u0142c\u0105ce im. Czes\u0142awa Mi\u0142osza<\/p>\n<p style=\"text-align: center;\">ul. Marii Sk\u0142odowskiej-Curie 6<\/p>\n<p style=\"text-align: center;\">43-600 Jaworzno<\/p>\n<p dir=\"ltr\" style=\"text-align: center;\">tel. (32) 762 93 68<\/p>\n<p dir=\"ltr\" style=\"text-align: center;\">www:\u00a0<a href=\"http:\/\/www.lo2.jaworzno.edu.pl\/\">http:\/\/www.lo2.jaworzno.edu.pl<\/a><\/p>\n","protected":false},"excerpt":{"rendered":"<p>Anna P\u0142awecka Trener kurs\u00f3w online i dyplomowany nauczyciel j\u0119zyka angielskiego w\u00a0II Liceum Og\u00f3lnokszta\u0142c\u0105ce im. Czes\u0142awa Mi\u0142osza w Jaworznie.\u00a0 Autorka program\u00f3w i innowacji pedagogicznych dotycz\u0105cych \u0142\u0105czenia\u00a0CALL\u00a0i TIK z nauk\u0105 j\u0119zyka angielskiego&#8230;<\/p>\n","protected":false},"author":1,"featured_media":0,"parent":0,"menu_order":0,"comment_status":"closed","ping_status":"closed","template":"","meta":{"footnotes":""},"class_list":["post-115","page","type-page","status-publish","hentry"],"_links":{"self":[{"href":"https:\/\/jezykiobce.jaworzno.edu.pl\/index.php?rest_route=\/wp\/v2\/pages\/115","targetHints":{"allow":["GET"]}}],"collection":[{"href":"https:\/\/jezykiobce.jaworzno.edu.pl\/index.php?rest_route=\/wp\/v2\/pages"}],"about":[{"href":"https:\/\/jezykiobce.jaworzno.edu.pl\/index.php?rest_route=\/wp\/v2\/types\/page"}],"author":[{"embeddable":true,"href":"https:\/\/jezykiobce.jaworzno.edu.pl\/index.php?rest_route=\/wp\/v2\/users\/1"}],"replies":[{"embeddable":true,"href":"https:\/\/jezykiobce.jaworzno.edu.pl\/index.php?rest_route=%2Fwp%2Fv2%2Fcomments&post=115"}],"version-history":[{"count":4,"href":"https:\/\/jezykiobce.jaworzno.edu.pl\/index.php?rest_route=\/wp\/v2\/pages\/115\/revisions"}],"predecessor-version":[{"id":778,"href":"https:\/\/jezykiobce.jaworzno.edu.pl\/index.php?rest_route=\/wp\/v2\/pages\/115\/revisions\/778"}],"wp:attachment":[{"href":"https:\/\/jezykiobce.jaworzno.edu.pl\/index.php?rest_route=%2Fwp%2Fv2%2Fmedia&parent=115"}],"curies":[{"name":"wp","href":"https:\/\/api.w.org\/{rel}","templated":true}]}}