{"id":194,"date":"2018-07-31T08:05:53","date_gmt":"2018-07-31T06:05:53","guid":{"rendered":"http:\/\/jezykiobce.jaworzno.edu.pl\/?page_id=194"},"modified":"2020-05-17T20:28:56","modified_gmt":"2020-05-17T18:28:56","slug":"konkursy","status":"publish","type":"page","link":"https:\/\/jezykiobce.jaworzno.edu.pl\/?page_id=194","title":{"rendered":"Konkursy"},"content":{"rendered":"<p style=\"text-align: center;\"><img loading=\"lazy\" decoding=\"async\" class=\"wp-image-209 alignleft\" src=\"http:\/\/jezykiobce.jaworzno.edu.pl\/wordpress\/wp-content\/uploads\/2018\/08\/LOGO2-300x244.png\" alt=\"\" width=\"141\" height=\"115\" srcset=\"https:\/\/jezykiobce.jaworzno.edu.pl\/wordpress\/wp-content\/uploads\/2018\/08\/LOGO2-300x244.png 300w, https:\/\/jezykiobce.jaworzno.edu.pl\/wordpress\/wp-content\/uploads\/2018\/08\/LOGO2-768x624.png 768w, https:\/\/jezykiobce.jaworzno.edu.pl\/wordpress\/wp-content\/uploads\/2018\/08\/LOGO2-1024x832.png 1024w, https:\/\/jezykiobce.jaworzno.edu.pl\/wordpress\/wp-content\/uploads\/2018\/08\/LOGO2.png 1280w\" sizes=\"auto, (max-width: 141px) 100vw, 141px\" \/>TIME FOR ENGLISH<\/p>\n<p><a href=\"http:\/\/jezykiobce.jaworzno.edu.pl\/?page_id=199\">Przedszkole<\/a><\/p>\n<p><a href=\"http:\/\/jezykiobce.jaworzno.edu.pl\/?page_id=218\">Szko\u0142a podstawowa<\/a> &#8211; \u00f3smoklasi\u015bci<\/p>\n<p>&nbsp;<\/p>\n<h3>Podzi\u0119kowania:<\/h3>\n<h6>Pomys\u0142 zorganizowania konkursu dla przedszkoli podda\u0142y oraz jego organizacj\u0105 zajmuj\u0105 si\u0119 Monika Chowaniec i Agata Malczyk.<\/h6>\n<h6>Logo konkurs\u00f3w wykona\u0142a Melania Jura.<\/h6>\n<p>&nbsp;<\/p>\n","protected":false},"excerpt":{"rendered":"<p>TIME FOR ENGLISH Przedszkole Szko\u0142a podstawowa &#8211; \u00f3smoklasi\u015bci &nbsp; Podzi\u0119kowania: Pomys\u0142 zorganizowania konkursu dla przedszkoli podda\u0142y oraz jego organizacj\u0105 zajmuj\u0105 si\u0119 Monika Chowaniec i Agata Malczyk. Logo konkurs\u00f3w wykona\u0142a Melania&#8230;<\/p>\n","protected":false},"author":1,"featured_media":0,"parent":0,"menu_order":0,"comment_status":"closed","ping_status":"closed","template":"","meta":{"footnotes":""},"class_list":["post-194","page","type-page","status-publish","hentry"],"_links":{"self":[{"href":"https:\/\/jezykiobce.jaworzno.edu.pl\/index.php?rest_route=\/wp\/v2\/pages\/194","targetHints":{"allow":["GET"]}}],"collection":[{"href":"https:\/\/jezykiobce.jaworzno.edu.pl\/index.php?rest_route=\/wp\/v2\/pages"}],"about":[{"href":"https:\/\/jezykiobce.jaworzno.edu.pl\/index.php?rest_route=\/wp\/v2\/types\/page"}],"author":[{"embeddable":true,"href":"https:\/\/jezykiobce.jaworzno.edu.pl\/index.php?rest_route=\/wp\/v2\/users\/1"}],"replies":[{"embeddable":true,"href":"https:\/\/jezykiobce.jaworzno.edu.pl\/index.php?rest_route=%2Fwp%2Fv2%2Fcomments&post=194"}],"version-history":[{"count":12,"href":"https:\/\/jezykiobce.jaworzno.edu.pl\/index.php?rest_route=\/wp\/v2\/pages\/194\/revisions"}],"predecessor-version":[{"id":920,"href":"https:\/\/jezykiobce.jaworzno.edu.pl\/index.php?rest_route=\/wp\/v2\/pages\/194\/revisions\/920"}],"wp:attachment":[{"href":"https:\/\/jezykiobce.jaworzno.edu.pl\/index.php?rest_route=%2Fwp%2Fv2%2Fmedia&parent=194"}],"curies":[{"name":"wp","href":"https:\/\/api.w.org\/{rel}","templated":true}]}}