{"id":199,"date":"2018-07-31T08:18:50","date_gmt":"2018-07-31T06:18:50","guid":{"rendered":"http:\/\/jezykiobce.jaworzno.edu.pl\/?page_id=199"},"modified":"2019-02-05T18:49:38","modified_gmt":"2019-02-05T17:49:38","slug":"time-for-english-przedszkole","status":"publish","type":"page","link":"https:\/\/jezykiobce.jaworzno.edu.pl\/?page_id=199","title":{"rendered":"TIME FOR ENGLISH &#8211; PRZEDSZKOLE"},"content":{"rendered":"<p style=\"text-align: center;\"><strong><img loading=\"lazy\" decoding=\"async\" class=\"alignnone wp-image-209\" src=\"http:\/\/jezykiobce.jaworzno.edu.pl\/wordpress\/wp-content\/uploads\/2018\/08\/LOGO2-300x244.png\" alt=\"\" width=\"193\" height=\"158\" srcset=\"https:\/\/jezykiobce.jaworzno.edu.pl\/wordpress\/wp-content\/uploads\/2018\/08\/LOGO2-300x244.png 300w, https:\/\/jezykiobce.jaworzno.edu.pl\/wordpress\/wp-content\/uploads\/2018\/08\/LOGO2-768x624.png 768w, https:\/\/jezykiobce.jaworzno.edu.pl\/wordpress\/wp-content\/uploads\/2018\/08\/LOGO2-1024x832.png 1024w, https:\/\/jezykiobce.jaworzno.edu.pl\/wordpress\/wp-content\/uploads\/2018\/08\/LOGO2.png 1280w\" sizes=\"auto, (max-width: 193px) 100vw, 193px\" \/>\u00a0 \u00a0 \u00a0 \u00a0 \u00a0\u00a0<img loading=\"lazy\" decoding=\"async\" class=\"alignnone wp-image-568\" src=\"http:\/\/jezykiobce.jaworzno.edu.pl\/wordpress\/wp-content\/uploads\/2019\/01\/800px-POL_Jaworzno_COA_alt.svg_.png\" alt=\"\" width=\"137\" height=\"153\" srcset=\"https:\/\/jezykiobce.jaworzno.edu.pl\/wordpress\/wp-content\/uploads\/2019\/01\/800px-POL_Jaworzno_COA_alt.svg_.png 800w, https:\/\/jezykiobce.jaworzno.edu.pl\/wordpress\/wp-content\/uploads\/2019\/01\/800px-POL_Jaworzno_COA_alt.svg_-268x300.png 268w, https:\/\/jezykiobce.jaworzno.edu.pl\/wordpress\/wp-content\/uploads\/2019\/01\/800px-POL_Jaworzno_COA_alt.svg_-768x860.png 768w\" sizes=\"auto, (max-width: 137px) 100vw, 137px\" \/>\u00a0 \u00a0 \u00a0 \u00a0 \u00a0\u00a0\u00a0<img loading=\"lazy\" decoding=\"async\" class=\"alignnone wp-image-136\" src=\"http:\/\/jezykiobce.jaworzno.edu.pl\/wordpress\/wp-content\/uploads\/2018\/05\/logowom.jpg\" alt=\"\" width=\"213\" height=\"213\" srcset=\"https:\/\/jezykiobce.jaworzno.edu.pl\/wordpress\/wp-content\/uploads\/2018\/05\/logowom.jpg 300w, https:\/\/jezykiobce.jaworzno.edu.pl\/wordpress\/wp-content\/uploads\/2018\/05\/logowom-150x150.jpg 150w\" sizes=\"auto, (max-width: 213px) 100vw, 213px\" \/><\/strong><\/p>\n<p style=\"text-align: center;\"><strong>KONKURS ZNAJOMO\u015aCI J\u0118ZYKA ANGIELSKIEGO<br \/>\nDLA 6-LATK\u00d3W<\/strong><\/p>\n<p style=\"text-align: center;\"><strong>\u201eTIME FOR ENGLISH!\u201d<\/strong><\/p>\n<p style=\"text-align: center;\">Organizatorkami i pomys\u0142odawczyniami konkursu s\u0105 nauczycielki wychowania przedszkolnego Agata Malczyk z PM 6 i Marta Chowaniec z PM 3 oraz doradca metodyczny z zakresu nauczania j\u0119zyk\u00f3w obcych w Jaworznie Anna P\u0142awecka. Konkurs jest wsp\u00f3\u0142organizowany z Wydzia\u0142em Edukacji w Jaworznie.<\/p>\n<p style=\"text-align: center;\"><strong>I KONKURS 2018\/2019<\/strong><\/p>\n<p style=\"text-align: center;\"><strong>pod patronatem Prezydenta Miasta Jaworzna<\/strong><\/p>\n<p><span style=\"color: #000000;\">Materia\u0142y do pobrania:<\/span><\/p>\n<p><a href=\"http:\/\/jezykiobce.jaworzno.edu.pl\/wordpress\/wp-content\/uploads\/2019\/02\/REGULAMIN.pdf\">REGULAMIN<\/a><\/p>\n<p>Za\u0142\u0105cznik nr 1:\u00a0<a href=\"http:\/\/jezykiobce.jaworzno.edu.pl\/wordpress\/wp-content\/uploads\/2018\/10\/Z1_zakres_tematyczny.pdf\">Zakres tematyczny\/rodzaje zada\u0144 konkursowych<\/a><\/p>\n<p><a href=\"http:\/\/jezykiobce.jaworzno.edu.pl\/wordpress\/wp-content\/uploads\/2019\/02\/TPR-ready.docx\">Zadanie 3 &#8211; polecenia TPR<\/a><\/p>\n<p>Za\u0142\u0105cznik nr 2:<\/p>\n<p><a href=\"http:\/\/jezykiobce.jaworzno.edu.pl\/wordpress\/wp-content\/uploads\/2019\/01\/karta_zgloszenia.pdf\">Karta zg\u0142oszenia (wersja pdf)<\/a><\/p>\n<p><a href=\"http:\/\/jezykiobce.jaworzno.edu.pl\/wordpress\/wp-content\/uploads\/2019\/01\/karta_zgloszenia.docx\">Karta zg\u0142oszenia (wersja docx)<\/a><\/p>\n<p>Za\u0142\u0105cznik nr 3:<\/p>\n<p><a href=\"http:\/\/jezykiobce.jaworzno.edu.pl\/wordpress\/wp-content\/uploads\/2019\/02\/z3_kryteria_etap_przedszkolny.docx\">Kryteria oceniania (wersja docx)<\/a><\/p>\n<p><a href=\"http:\/\/jezykiobce.jaworzno.edu.pl\/wordpress\/wp-content\/uploads\/2019\/02\/kryteria_oceniania.pdf\">Kryteria oceniania (wersja pdf)<\/a><\/p>\n<p>Za\u0142\u0105cznik nr 4:<\/p>\n<p><a href=\"http:\/\/jezykiobce.jaworzno.edu.pl\/wordpress\/wp-content\/uploads\/2018\/10\/wyniki.pdf\">Protok\u00f3\u0142 z przeprowadzenia etapu przedszkolnego (wersja pdf)<\/a><\/p>\n<p><a href=\"http:\/\/jezykiobce.jaworzno.edu.pl\/wordpress\/wp-content\/uploads\/2018\/10\/Z4_PROTOKOL_ETAP_PRZEDSZKOLNY.docx\">Protok\u00f3\u0142 z przeprowadzenia etapu przedszkolnego (wersja docx)<\/a><\/p>\n","protected":false},"excerpt":{"rendered":"<p>\u00a0 \u00a0 \u00a0 \u00a0 \u00a0\u00a0\u00a0 \u00a0 \u00a0 \u00a0 \u00a0\u00a0\u00a0 KONKURS ZNAJOMO\u015aCI J\u0118ZYKA ANGIELSKIEGO DLA 6-LATK\u00d3W \u201eTIME FOR ENGLISH!\u201d Organizatorkami i pomys\u0142odawczyniami konkursu s\u0105 nauczycielki wychowania przedszkolnego Agata Malczyk z PM&#8230;<\/p>\n","protected":false},"author":1,"featured_media":209,"parent":0,"menu_order":0,"comment_status":"closed","ping_status":"closed","template":"","meta":{"footnotes":""},"class_list":["post-199","page","type-page","status-publish","has-post-thumbnail","hentry"],"_links":{"self":[{"href":"https:\/\/jezykiobce.jaworzno.edu.pl\/index.php?rest_route=\/wp\/v2\/pages\/199","targetHints":{"allow":["GET"]}}],"collection":[{"href":"https:\/\/jezykiobce.jaworzno.edu.pl\/index.php?rest_route=\/wp\/v2\/pages"}],"about":[{"href":"https:\/\/jezykiobce.jaworzno.edu.pl\/index.php?rest_route=\/wp\/v2\/types\/page"}],"author":[{"embeddable":true,"href":"https:\/\/jezykiobce.jaworzno.edu.pl\/index.php?rest_route=\/wp\/v2\/users\/1"}],"replies":[{"embeddable":true,"href":"https:\/\/jezykiobce.jaworzno.edu.pl\/index.php?rest_route=%2Fwp%2Fv2%2Fcomments&post=199"}],"version-history":[{"count":21,"href":"https:\/\/jezykiobce.jaworzno.edu.pl\/index.php?rest_route=\/wp\/v2\/pages\/199\/revisions"}],"predecessor-version":[{"id":589,"href":"https:\/\/jezykiobce.jaworzno.edu.pl\/index.php?rest_route=\/wp\/v2\/pages\/199\/revisions\/589"}],"wp:featuredmedia":[{"embeddable":true,"href":"https:\/\/jezykiobce.jaworzno.edu.pl\/index.php?rest_route=\/wp\/v2\/media\/209"}],"wp:attachment":[{"href":"https:\/\/jezykiobce.jaworzno.edu.pl\/index.php?rest_route=%2Fwp%2Fv2%2Fmedia&parent=199"}],"curies":[{"name":"wp","href":"https:\/\/api.w.org\/{rel}","templated":true}]}}