{"id":218,"date":"2018-08-08T13:59:42","date_gmt":"2018-08-08T11:59:42","guid":{"rendered":"http:\/\/jezykiobce.jaworzno.edu.pl\/?page_id=218"},"modified":"2019-02-26T10:36:10","modified_gmt":"2019-02-26T09:36:10","slug":"time-for-english-szkola-podstawowa","status":"publish","type":"page","link":"https:\/\/jezykiobce.jaworzno.edu.pl\/?page_id=218","title":{"rendered":"TIME FOR ENGLISH &#8211; SZKO\u0141A PODSTAWOWA"},"content":{"rendered":"<p style=\"text-align: center;\">TIME FOR ENGLISH &#8211; SZKO\u0141A PODSTAWOWA<\/p>\n<p style=\"text-align: center;\"><strong>KONKURS ZNAJOMO\u015aCI J\u0118ZYKA ANGIELSKIEGO<br \/>\nDLA UCZNI\u00d3W KLAS \u00d3SMYCH SZKO\u0141Y PODSTAWOWEJ<\/strong><\/p>\n<p style=\"text-align: center;\"><em><strong>TIME FOR ENGLISH!<\/strong><\/em><\/p>\n<p style=\"text-align: center;\"><strong>I KONKURS 2018<\/strong><\/p>\n<p>Pliki do pobrania:<\/p>\n<p style=\"text-align: left;\"><a href=\"http:\/\/jezykiobce.jaworzno.edu.pl\/wordpress\/wp-content\/uploads\/2019\/02\/REGULAMIN-MIEJSKIEGO-KONKURSU-Z-J\u0118ZYKA-ANGIELSKIEGO.pdf\"><strong>REGULAMIN<\/strong><\/a><\/p>\n<p><a href=\"http:\/\/jezykiobce.jaworzno.edu.pl\/wordpress\/wp-content\/uploads\/2018\/12\/z1_zgloszenie_MIEJSKI.pdf\"><strong>ZG\u0141OSZENIE<\/strong><\/a><\/p>\n<p><strong><a href=\"http:\/\/jezykiobce.jaworzno.edu.pl\/wordpress\/wp-content\/uploads\/2019\/01\/z1_zgloszenie_MIEJSKI.docx\">ZG\u0141OSZENIE (wersja .doc)<\/a><\/strong><\/p>\n<p><strong><a href=\"http:\/\/jezykiobce.jaworzno.edu.pl\/wordpress\/wp-content\/uploads\/2019\/01\/Z4_PROTOKOL_ETAP_SZKOLNY-miejski-1.docx\">Protok\u00f3\u0142 z przeprowadzenia etapu szkolnego (wersja docx)<\/a><\/strong><\/p>\n<p><strong><a href=\"http:\/\/jezykiobce.jaworzno.edu.pl\/wordpress\/wp-content\/uploads\/2019\/01\/Z4_PROTOKOL_ETAP_SZKOLNY-miejski.pdf\">Protok\u00f3\u0142 z przeprowadzenia etapu szkolnego (wersja pdf)<\/a><\/strong><\/p>\n<p>&nbsp;<\/p>\n","protected":false},"excerpt":{"rendered":"<p>TIME FOR ENGLISH &#8211; SZKO\u0141A PODSTAWOWA KONKURS ZNAJOMO\u015aCI J\u0118ZYKA ANGIELSKIEGO DLA UCZNI\u00d3W KLAS \u00d3SMYCH SZKO\u0141Y PODSTAWOWEJ TIME FOR ENGLISH! I KONKURS 2018 Pliki do pobrania: REGULAMIN ZG\u0141OSZENIE ZG\u0141OSZENIE (wersja .doc)&#8230;<\/p>\n","protected":false},"author":1,"featured_media":0,"parent":0,"menu_order":0,"comment_status":"closed","ping_status":"closed","template":"","meta":{"footnotes":""},"class_list":["post-218","page","type-page","status-publish","hentry"],"_links":{"self":[{"href":"https:\/\/jezykiobce.jaworzno.edu.pl\/index.php?rest_route=\/wp\/v2\/pages\/218","targetHints":{"allow":["GET"]}}],"collection":[{"href":"https:\/\/jezykiobce.jaworzno.edu.pl\/index.php?rest_route=\/wp\/v2\/pages"}],"about":[{"href":"https:\/\/jezykiobce.jaworzno.edu.pl\/index.php?rest_route=\/wp\/v2\/types\/page"}],"author":[{"embeddable":true,"href":"https:\/\/jezykiobce.jaworzno.edu.pl\/index.php?rest_route=\/wp\/v2\/users\/1"}],"replies":[{"embeddable":true,"href":"https:\/\/jezykiobce.jaworzno.edu.pl\/index.php?rest_route=%2Fwp%2Fv2%2Fcomments&post=218"}],"version-history":[{"count":14,"href":"https:\/\/jezykiobce.jaworzno.edu.pl\/index.php?rest_route=\/wp\/v2\/pages\/218\/revisions"}],"predecessor-version":[{"id":617,"href":"https:\/\/jezykiobce.jaworzno.edu.pl\/index.php?rest_route=\/wp\/v2\/pages\/218\/revisions\/617"}],"wp:attachment":[{"href":"https:\/\/jezykiobce.jaworzno.edu.pl\/index.php?rest_route=%2Fwp%2Fv2%2Fmedia&parent=218"}],"curies":[{"name":"wp","href":"https:\/\/api.w.org\/{rel}","templated":true}]}}