{"id":246,"date":"2018-08-14T08:00:50","date_gmt":"2018-08-14T06:00:50","guid":{"rendered":"http:\/\/jezykiobce.jaworzno.edu.pl\/?page_id=246"},"modified":"2025-04-16T09:42:28","modified_gmt":"2025-04-16T07:42:28","slug":"mowienie","status":"publish","type":"page","link":"https:\/\/jezykiobce.jaworzno.edu.pl\/?page_id=246","title":{"rendered":"M\u00f3wienie"},"content":{"rendered":"<ol>\n<li style=\"list-style-type: none;\">\n<ol>\n<li><a href=\"https:\/\/jezykiobce.jaworzno.edu.pl\/wordpress\/wp-content\/uploads\/2020\/04\/definitions_for_uknown_words.pdf\">Definitions for unknown words<\/a><\/li>\n<li><a href=\"https:\/\/jezykiobce.jaworzno.edu.pl\/wordpress\/wp-content\/uploads\/2021\/07\/LACZNIKI-ZDAN-W-MOWIE.pdf\">\u0141\u0104CZNIKI ZDA\u0143 W MOWIE<\/a><\/li>\n<li><a href=\"https:\/\/jezykiobce.jaworzno.edu.pl\/wordpress\/wp-content\/uploads\/2020\/06\/discrimination.pdf\">Discrimination<\/a><\/li>\n<li><a href=\"https:\/\/jezykiobce.jaworzno.edu.pl\/wordpress\/wp-content\/uploads\/2018\/11\/families-and-family-life.pdf\">Families and family life in Britain<\/a><\/li>\n<li><a href=\"https:\/\/jezykiobce.jaworzno.edu.pl\/wordpress\/wp-content\/uploads\/2020\/01\/international_charity_organizations.pdf\">International charity organizations<\/a><\/li>\n<li><a href=\"https:\/\/jezykiobce.jaworzno.edu.pl\/wordpress\/wp-content\/uploads\/2020\/01\/polish_charity_organizations.pdf\">Polish charity organizations<\/a><\/li>\n<li><a href=\"https:\/\/jezykiobce.jaworzno.edu.pl\/wordpress\/wp-content\/uploads\/2022\/03\/body-language.pdf\">Using Body Language<\/a><\/li>\n<li><a href=\"https:\/\/jezykiobce.jaworzno.edu.pl\/wordpress\/wp-content\/uploads\/2018\/08\/003_public_deabte.pdf\">Public debate<\/a><\/li>\n<li>Warm ups<\/li>\n<\/ol>\n<\/li>\n<\/ol>\n<p><iframe loading=\"lazy\" src=\"https:\/\/wordwall.net\/pl\/embed\/55d326ff8c4e40508a688204ac9c18c3?themeId=52&amp;templateId=8\" width=\"500\" height=\"380\" frameborder=\"0\" allowfullscreen=\"allowfullscreen\"><\/iframe><\/p>\n<p>Numbers selection<\/p>\n<p><iframe style=\"position: relative; top: 0; left: 0; width: 675px; height: 600px; overflow: none; border: none;\" src=\"https:\/\/www.classtools.net\/random-name-picker\/70_AQTXSg\"><\/iframe><\/p>\n\n\n<p>For bigger groups:<\/p>\n\n\n\n<iframe src=\"https:\/\/www.classtools.net\/random-name-picker\/15_C2a3ZK\" style=\"position:relative;top:0;left:0;width:675px;height:600px;overflow:none;border:none\"><\/iframe>\n\n\n\n<figure class=\"wp-block-embed is-type-wp-embed is-provider-wordwall wp-block-embed-wordwall\"><div class=\"wp-block-embed__wrapper\">\nhttps:\/\/wordwall.net\/resource\/5194347\/lets-talk\n<\/div><figcaption class=\"wp-element-caption\"><a href=\"https:\/\/wordwall.net\/resource\/5194347\/lets-talk\" data-type=\"link\" data-id=\"https:\/\/wordwall.net\/resource\/5194347\/lets-talk\">https:\/\/wordwall.net\/resource\/5194347\/lets-talk<\/a><\/figcaption><\/figure>\n\n\n\n<p>Explain yourself!<\/p>\n\n\n\n<figure class=\"wp-block-embed is-type-wp-embed is-provider-wordwall wp-block-embed-wordwall\"><div class=\"wp-block-embed__wrapper\">\n<iframe loading=\"lazy\" class=\"wp-embedded-content\" sandbox=\"allow-scripts\" security=\"restricted\" title=\"Explain yourself\" src=\"https:\/\/wordwall.net\/embed\/a362613f91ed4773b95233812efbdfb5?themeId=0&#038;ref=oembed#?secret=hLMoLesmLI\" data-secret=\"hLMoLesmLI\" width=\"500\" height=\"380\" frameborder=\"0\"><\/iframe>\n<\/div><figcaption class=\"wp-element-caption\"><a href=\"https:\/\/wordwall.net\/resource\/2320625\">https:\/\/wordwall.net\/resource\/2320625<\/a><\/figcaption><\/figure>\n\n\n\n<figure class=\"wp-block-embed is-type-wp-embed is-provider-wordwall wp-block-embed-wordwall\"><div class=\"wp-block-embed__wrapper\">\n<iframe loading=\"lazy\" class=\"wp-embedded-content\" sandbox=\"allow-scripts\" security=\"restricted\" title=\"Explain yourself!\" src=\"https:\/\/wordwall.net\/pl\/embed\/329de981c21c42eda1da601b15104323?themeId=43&#038;ref=oembed#?secret=XcedbhbVAW\" data-secret=\"XcedbhbVAW\" width=\"500\" height=\"380\" frameborder=\"0\"><\/iframe>\n<\/div><figcaption class=\"wp-element-caption\"><a href=\"https:\/\/wordwall.net\/pl\/resource\/27312984\">https:\/\/wordwall.net\/pl\/resource\/27312984<\/a> <\/figcaption><\/figure>\n\n\n\n<figure class=\"wp-block-image size-full\"><img loading=\"lazy\" decoding=\"async\" width=\"832\" height=\"898\" src=\"https:\/\/jezykiobce.jaworzno.edu.pl\/wordpress\/wp-content\/uploads\/2023\/09\/find-sb-who.png\" alt=\"\" class=\"wp-image-1459\" srcset=\"https:\/\/jezykiobce.jaworzno.edu.pl\/wordpress\/wp-content\/uploads\/2023\/09\/find-sb-who.png 832w, https:\/\/jezykiobce.jaworzno.edu.pl\/wordpress\/wp-content\/uploads\/2023\/09\/find-sb-who-278x300.png 278w, https:\/\/jezykiobce.jaworzno.edu.pl\/wordpress\/wp-content\/uploads\/2023\/09\/find-sb-who-768x829.png 768w\" sizes=\"auto, (max-width: 832px) 100vw, 832px\" \/><\/figure>\n\n\n\n<p>By Katarzyna Wi\u0105cek &#8222;Akcja Integracja&#8221;.<\/p>\n\n\n\n<p>Wymagania edukacyjne:<\/p>\n\n\n\n<figure class=\"wp-block-embed is-type-wp-embed is-provider-osadzona-tre wp-block-embed-osadzona-tre\"><div class=\"wp-block-embed__wrapper\">\n<blockquote class=\"wp-embedded-content\" data-secret=\"WYKhZCTeUS\"><a href=\"https:\/\/jezykiobce.jaworzno.edu.pl\/?page_id=1462\">Dokumenty<\/a><\/blockquote><iframe loading=\"lazy\" class=\"wp-embedded-content\" sandbox=\"allow-scripts\" security=\"restricted\" style=\"position: absolute; visibility: hidden;\" title=\"&#8222;Dokumenty&#8221; &#8212; \" src=\"https:\/\/jezykiobce.jaworzno.edu.pl\/?page_id=1462&#038;embed=true#?secret=E3L3MOiDLt#?secret=WYKhZCTeUS\" data-secret=\"WYKhZCTeUS\" width=\"600\" height=\"338\" frameborder=\"0\" marginwidth=\"0\" marginheight=\"0\" scrolling=\"no\"><\/iframe>\n<\/div><\/figure>\n","protected":false},"excerpt":{"rendered":"<p>Definitions for unknown words \u0141\u0104CZNIKI ZDA\u0143 W MOWIE Discrimination Families and family life in Britain International charity organizations Polish charity organizations Using Body Language Public debate Warm ups Numbers selection&#8230;<\/p>\n","protected":false},"author":1,"featured_media":0,"parent":75,"menu_order":0,"comment_status":"closed","ping_status":"closed","template":"","meta":{"footnotes":""},"class_list":["post-246","page","type-page","status-publish","hentry"],"_links":{"self":[{"href":"https:\/\/jezykiobce.jaworzno.edu.pl\/index.php?rest_route=\/wp\/v2\/pages\/246","targetHints":{"allow":["GET"]}}],"collection":[{"href":"https:\/\/jezykiobce.jaworzno.edu.pl\/index.php?rest_route=\/wp\/v2\/pages"}],"about":[{"href":"https:\/\/jezykiobce.jaworzno.edu.pl\/index.php?rest_route=\/wp\/v2\/types\/page"}],"author":[{"embeddable":true,"href":"https:\/\/jezykiobce.jaworzno.edu.pl\/index.php?rest_route=\/wp\/v2\/users\/1"}],"replies":[{"embeddable":true,"href":"https:\/\/jezykiobce.jaworzno.edu.pl\/index.php?rest_route=%2Fwp%2Fv2%2Fcomments&post=246"}],"version-history":[{"count":36,"href":"https:\/\/jezykiobce.jaworzno.edu.pl\/index.php?rest_route=\/wp\/v2\/pages\/246\/revisions"}],"predecessor-version":[{"id":1674,"href":"https:\/\/jezykiobce.jaworzno.edu.pl\/index.php?rest_route=\/wp\/v2\/pages\/246\/revisions\/1674"}],"up":[{"embeddable":true,"href":"https:\/\/jezykiobce.jaworzno.edu.pl\/index.php?rest_route=\/wp\/v2\/pages\/75"}],"wp:attachment":[{"href":"https:\/\/jezykiobce.jaworzno.edu.pl\/index.php?rest_route=%2Fwp%2Fv2%2Fmedia&parent=246"}],"curies":[{"name":"wp","href":"https:\/\/api.w.org\/{rel}","templated":true}]}}