{"id":342,"date":"2018-09-10T13:44:32","date_gmt":"2018-09-10T11:44:32","guid":{"rendered":"http:\/\/jezykiobce.jaworzno.edu.pl\/?page_id=342"},"modified":"2018-09-10T13:56:16","modified_gmt":"2018-09-10T11:56:16","slug":"konkursy-ogolnopolskie","status":"publish","type":"page","link":"https:\/\/jezykiobce.jaworzno.edu.pl\/?page_id=342","title":{"rendered":"Konkursy og\u00f3lnopolskie"},"content":{"rendered":"<p style=\"text-align: center;\"><strong>J\u0118ZYK ANGIELSKI<\/strong><\/p>\n<p>Przydatne linki<\/p>\n<p><a href=\"http:\/\/jersz.pl\/contest,8.html\">http:\/\/jersz.pl\/contest,8.html<\/a><\/p>\n<p><strong>Og\u00f3lnopolski Konkurs J\u0119zyka Angielskiego<\/strong><\/p>\n<p>Konkurs English Ace powsta\u0142 z my\u015bl\u0105 o uczniach szk\u00f3\u0142 podstawowych (klasy 4, 5, 6 i 7), gimnazjalnych\u00a0i ponadgimnazjalnych z terenu ca\u0142ej Polski.<\/p>\n<p><a href=\"http:\/\/www.glossa.pl\/daybyday\/konkurs-jezyka-angielskiego-day-by-day\/\">http:\/\/www.glossa.pl\/daybyday\/konkurs-jezyka-angielskiego-day-by-day\/<\/a><\/p>\n<p>Je\u015bli jeste\u015b uczniem gimnazjum lub szko\u0142y ponadgimnazjalnej zapraszamy Ci\u0119 do udzia\u0142u w naszym corocznym og\u00f3lnopolskim konkursie j\u0119zykowym na angielskoj\u0119zyczn\u0105 kartk\u0119 z pami\u0119tnika.<\/p>\n<p><a href=\"https:\/\/www.leon-konkursy.pl\/konkurs-jezyka-angielskiego\">https:\/\/www.leon-konkursy.pl\/konkurs-jezyka-angielskiego<\/a><\/p>\n<p><strong>Konkurs J\u0119zyka Angielskiego Szko\u0142a Podstawowa | Leon<\/strong><\/p>\n<p>Konkurs z j\u0119zyka angielskiego dla szk\u00f3\u0142 podstawowych i gimnazj\u00f3w ma form\u0119 testu sk\u0142adaj\u0105cego si\u0119 z zada\u0144 zamkni\u0119tych i otwartych. W ka\u017cdym pytaniu mo\u017ce by\u0107 jedna, dwie lub wi\u0119cej poprawnych odpowiedzi.\u00a0Co roku odbywaj\u0105 si\u0119 3 sesje konkurs\u00f3w &#8211; sesja zimowa, jesienna i wiosenna.<\/p>\n<p><a href=\"http:\/\/www.edi.edu.pl\/jezyk-angielski\">http:\/\/www.edi.edu.pl\/jezyk-angielski<\/a><\/p>\n<p><strong>J\u0119zyk angielski<\/strong><\/p>\n<p>Kurczak EDI\u00a0gor\u0105co wita i serdecznie\u00a0zaprasza wszystkich g\u0142odnych wiedzy uczni\u00f3w oraz ich nauczycieli\u00a0na\u00a0kolejne edycje konkurs\u00f3w Pingwin i Panda z j\u0119zyka angielskiego. Konkursy o r\u00f3\u017cnym stopniu trudno\u015bci przeznaczone s\u0105 dla uczni\u00f3w klas IV-VIII szko\u0142y podstawowej i III gimnazjum.<\/p>\n<p><a href=\"http:\/\/www.meltingpot.edu.pl\/regulamin\">http:\/\/www.meltingpot.edu.pl\/regulamin<\/a><\/p>\n<p>Og\u00f3lnopolski Konkurs J\u0119zyka Angielskiego \u201eMELTING POT\u201d. Konkurs jest przeznaczony dla uczni\u00f3w klas I-VI szk\u00f3\u0142 podstawowych i odbywa si\u0119 na sze\u015bciu poziomach, odpowiadaj\u0105cych poszczeg\u00f3lnym klasom.<\/p>\n<p><a href=\"http:\/\/www.olimpus.edu.pl\/jezyk-angielski-archiwum\">http:\/\/www.olimpus.edu.pl\/jezyk-angielski-archiwum<\/a><\/p>\n<p>Olimpiady przeznaczone s\u0105 dla uczni\u00f3w szk\u00f3\u0142 podstawowych i gimnazj\u00f3w.<\/p>\n<p><a href=\"http:\/\/www.olimpus.edu.pl\/olimpusek-sesja-zimowa\">http:\/\/www.olimpus.edu.pl\/olimpusek-sesja-zimowa<\/a><\/p>\n<p>Olimpiady OLIMPUSEK i OLIMPUSEK z j\u0119zyka angielskiego przeznaczone s\u0105 dla uczni\u00f3w edukacji wczesnoszkolnej od klasy I do III.<\/p>\n<p><a href=\"http:\/\/www.ces.edu.pl\/albus-jezyk-angielski\">http:\/\/www.ces.edu.pl\/albus-jezyk-angielski<\/a><\/p>\n<h2>Albus &#8211; J\u0119zyk angielski<\/h2>\n<p>Mamy zaszczyt zaprosi\u0107 Pa\u0144stwa uczni\u00f3w z klas IV, V, VI, VII i VIII szko\u0142y podstawowej oraz III gimnazjum do wzi\u0119cia udzia\u0142u w konkursie z j\u0119zyka angielskiego ALBUS.<\/p>\n","protected":false},"excerpt":{"rendered":"<p>J\u0118ZYK ANGIELSKI Przydatne linki http:\/\/jersz.pl\/contest,8.html Og\u00f3lnopolski Konkurs J\u0119zyka Angielskiego Konkurs English Ace powsta\u0142 z my\u015bl\u0105 o uczniach szk\u00f3\u0142 podstawowych (klasy 4, 5, 6 i 7), gimnazjalnych\u00a0i ponadgimnazjalnych z terenu ca\u0142ej&#8230;<\/p>\n","protected":false},"author":1,"featured_media":346,"parent":194,"menu_order":0,"comment_status":"closed","ping_status":"closed","template":"","meta":{"footnotes":""},"class_list":["post-342","page","type-page","status-publish","has-post-thumbnail","hentry"],"_links":{"self":[{"href":"https:\/\/jezykiobce.jaworzno.edu.pl\/index.php?rest_route=\/wp\/v2\/pages\/342","targetHints":{"allow":["GET"]}}],"collection":[{"href":"https:\/\/jezykiobce.jaworzno.edu.pl\/index.php?rest_route=\/wp\/v2\/pages"}],"about":[{"href":"https:\/\/jezykiobce.jaworzno.edu.pl\/index.php?rest_route=\/wp\/v2\/types\/page"}],"author":[{"embeddable":true,"href":"https:\/\/jezykiobce.jaworzno.edu.pl\/index.php?rest_route=\/wp\/v2\/users\/1"}],"replies":[{"embeddable":true,"href":"https:\/\/jezykiobce.jaworzno.edu.pl\/index.php?rest_route=%2Fwp%2Fv2%2Fcomments&post=342"}],"version-history":[{"count":4,"href":"https:\/\/jezykiobce.jaworzno.edu.pl\/index.php?rest_route=\/wp\/v2\/pages\/342\/revisions"}],"predecessor-version":[{"id":348,"href":"https:\/\/jezykiobce.jaworzno.edu.pl\/index.php?rest_route=\/wp\/v2\/pages\/342\/revisions\/348"}],"up":[{"embeddable":true,"href":"https:\/\/jezykiobce.jaworzno.edu.pl\/index.php?rest_route=\/wp\/v2\/pages\/194"}],"wp:featuredmedia":[{"embeddable":true,"href":"https:\/\/jezykiobce.jaworzno.edu.pl\/index.php?rest_route=\/wp\/v2\/media\/346"}],"wp:attachment":[{"href":"https:\/\/jezykiobce.jaworzno.edu.pl\/index.php?rest_route=%2Fwp%2Fv2%2Fmedia&parent=342"}],"curies":[{"name":"wp","href":"https:\/\/api.w.org\/{rel}","templated":true}]}}